{"id":3937,"date":"2024-06-16T15:43:35","date_gmt":"2024-06-16T13:43:35","guid":{"rendered":"https:\/\/traumzeitmeditationen.de\/?page_id=3937"},"modified":"2025-06-26T17:16:00","modified_gmt":"2025-06-26T15:16:00","slug":"mit-mir-arbeiten","status":"publish","type":"page","link":"https:\/\/traumzeitmeditationen.de\/en\/mit-mir-arbeiten\/","title":{"rendered":"Working with me"},"content":{"rendered":"<p>[et_pb_section fb_built=&#8220;1&#8243; _builder_version=&#8220;4.27.4&#8243; _module_preset=&#8220;default&#8220; background_color=&#8220;#ede1d5&#8243; locked=&#8220;off&#8220; global_colors_info=&#8220;{}&#8220;][et_pb_row _builder_version=&#8220;4.25.1&#8243; _module_preset=&#8220;default&#8220; global_colors_info=&#8220;{}&#8220;][et_pb_column type=&#8220;4_4&#8243; _builder_version=&#8220;4.25.1&#8243; _module_preset=&#8220;default&#8220; global_colors_info=&#8220;{}&#8220;][et_pb_text _builder_version=&#8220;4.27.4&#8243; _module_preset=&#8220;c16985e1-e0d6-4022-964d-e2bfc04fa633&#8243; header_font=&#8220;|600|||||||&#8220; header_text_align=&#8220;center&#8220; header_text_color=&#8220;#aa6946&#8243; header_font_size=&#8220;62px&#8220; header_2_text_align=&#8220;center&#8220; header_2_text_color=&#8220;#aa6946&#8243; header_2_font_size=&#8220;32px&#8220; header_font_size_tablet=&#8220;40px&#8220; header_font_size_phone=&#8220;32px&#8220; header_font_size_last_edited=&#8220;on|desktop&#8220; global_colors_info=&#8220;{}&#8220;]<\/p>\n<h1>Mit mir arbeiten:<\/h1>\n<h2>Entfalte Dich mit weiblicher Empathie und Tatkraft<\/h2>\n<p>[\/et_pb_text][et_pb_text _builder_version=&#8220;4.27.4&#8243; _module_preset=&#8220;default&#8220; global_colors_info=&#8220;{}&#8220;]<\/p>\n<p style=\"padding-left: 40px;\">Mit mir arbeiten beginnt mit einem Erstgespr\u00e4ch. Dies ist kostenlos f\u00fcr Dich. Es geht dabei um Deine W\u00fcnsche zur\u00a0 Entfaltung und um Dein Unbehagen, aus dem wir die Zielvision oder Deinen ureigenen Traum auftauchen lassen. Du bekommst einen ersten Einblick in die Kraft der Meditation mit weiblicher Kraft, Selbstmitgef\u00fchl und Akzeptanz. Dann besprechen wir das f\u00fcr Dich beste Vorgehen.<\/p>\n<p>[\/et_pb_text][et_pb_blurb title=&#8220;kostenloses %22meditatives-Coaching%22&#8243; image=&#8220;https:\/\/traumzeitmeditationen.de\/wp-content\/uploads\/2025\/03\/AugeHerzenseinfach.jpg&#8220; alt=&#8220;Sieh mit dem Auge des Herzens Meditatives Coaching Holding Meditation emotionale Heilung Selbstentfaltung&#8220; content_max_width=&#8220;720px&#8220; _builder_version=&#8220;4.27.4&#8243; _module_preset=&#8220;default&#8220; header_text_align=&#8220;center&#8220; header_text_color=&#8220;#aa6946&#8243; header_font_size=&#8220;24px&#8220; body_text_color=&#8220;#565656&#8243; global_colors_info=&#8220;{}&#8220;]<\/p>\n<p>Du bist eingeladen zu einem kostenlosen meditativen Coaching: \u201eEntfalte Deine weibliche Empathie und Tatkraft\u201c. Gemeinsam werden wir an Folgendem arbeiten:<\/p>\n<ul>\n<li>Entwickle eine kristallklare Vision davon, wie du mit Deinen Gef\u00fchlen mitf\u00fchlend umgehen kannst, so dass Du Orientierung gewinnst. Du verl\u00e4sst die Ersch\u00f6pfung und erf\u00e4hrst Freude, Energie und Flow. Du erkennst Dein \u201eIch bin\u201c und das Potential darin.<\/li>\n<li>Decke verborgene Herausforderungen auf, die Dich zur\u00fcckhalten. Entlarve limitierende Wertungen und ungerechtfertigte Anforderungen. Entdecke in Deinen schwierigen Gef\u00fchlen und Themen die Quelle neuer Kreativit\u00e4t und Selbstliebe.<\/li>\n<li>Im Ergebnis der Sitzung wirst du dich erneuert, gest\u00e4rkt und inspiriert f\u00fchlen. Mit einem fairen und zukunftsoffenem Selbstbild bist Du bereit, dich der Welt in all deiner Brillanz zu pr\u00e4sentieren.<\/li>\n<\/ul>\n<p>Entdecke deine einzigartigen M\u00f6glichkeiten und vertraue auf Deine bewundernswert wegweisende, kreative Kraft. Melde Dich jetzt an und beginne Deine Transformation!<\/p>\n<p>[\/et_pb_blurb][\/et_pb_column][\/et_pb_row][\/et_pb_section][et_pb_section fb_built=&#8220;1&#8243; admin_label=&#8220;Footer&#8220; _builder_version=&#8220;4.27.4&#8243; _module_preset=&#8220;default&#8220; background_color=&#8220;#ede1d5&#8243; width=&#8220;100%&#8220; collapsed=&#8220;on&#8220; global_colors_info=&#8220;{}&#8220;][et_pb_row _builder_version=&#8220;4.17.3&#8243; _module_preset=&#8220;default&#8220; global_colors_info=&#8220;{}&#8220;][et_pb_column type=&#8220;4_4&#8243; _builder_version=&#8220;4.17.3&#8243; _module_preset=&#8220;default&#8220; global_colors_info=&#8220;{}&#8220;][et_pb_text _builder_version=&#8220;4.27.4&#8243; _module_preset=&#8220;b327cbe4-b1d5-4b66-ad37-40c8f2f061ba&#8220; header_2_font=&#8220;||||||||&#8220; header_2_text_color=&#8220;#6b6b6b&#8220; header_2_font_size=&#8220;55px&#8220; header_2_line_height=&#8220;1.2em&#8220; header_2_font_size_tablet=&#8220;28px&#8220; header_2_font_size_phone=&#8220;22px&#8220; header_2_font_size_last_edited=&#8220;on|desktop&#8220; global_colors_info=&#8220;{}&#8220;]<\/p>\n<h2>Kontaktiere uns!<\/h2>\n<p>[\/et_pb_text][\/et_pb_column][\/et_pb_row][et_pb_row column_structure=&#8220;2_5,3_5&#8243; _builder_version=&#8220;4.26.0&#8243; _module_preset=&#8220;default&#8220; global_colors_info=&#8220;{}&#8220;][et_pb_column type=&#8220;2_5&#8243; _builder_version=&#8220;4.26.0&#8243; _module_preset=&#8220;default&#8220; global_colors_info=&#8220;{}&#8220;][et_pb_cta title=&#8220;Mit einem Klick zum Erstgespr\u00e4ch&#8220; button_url=&#8220;https:\/\/calendly.com\/ingret-id\/40min&#8220; button_text=&#8220;Hier anklicken!&#8220; _builder_version=&#8220;4.27.4&#8243; _module_preset=&#8220;default&#8220; header_font_size=&#8220;25px&#8220; background_color=&#8220;#969696&#8243; link_option_url=&#8220;https:\/\/calendly.com\/ingret-id\/40min&#8220; hover_enabled=&#8220;0&#8243; global_colors_info=&#8220;{}&#8220; sticky_enabled=&#8220;0&#8243;][\/et_pb_cta][\/et_pb_column][et_pb_column type=&#8220;3_5&#8243; _builder_version=&#8220;4.26.0&#8243; _module_preset=&#8220;default&#8220; global_colors_info=&#8220;{}&#8220;][et_pb_blurb title=&#8220;Klarheit und Orientierung f\u00fcr Dich&#8220; _builder_version=&#8220;4.27.4&#8243; _module_preset=&#8220;default&#8220; header_font=&#8220;|600|||||||&#8220; header_font_size=&#8220;28px&#8220; global_colors_info=&#8220;{}&#8220;]<\/p>\n<p>Im Erstgespr\u00e4ch gewinnst Du Klarheit dar\u00fcber, wie Du Dich durch mein Coaching-Programm selbst entfalten kannst. Du gewinnst einen Einblick in Deinen eigenen emotionalen Standort und Orientierung f\u00fcr die Entwicklung, die Du Dir w\u00fcnschst.<\/p>\n<p>Das Erstgespr\u00e4ch ist kostenlos, unverbindlich und vertraulich.\u00a0<\/p>\n<p>&nbsp;<\/p>\n<p>[\/et_pb_blurb][\/et_pb_column][\/et_pb_row][et_pb_row column_structure=&#8220;1_3,1_3,1_3&#8243; _builder_version=&#8220;4.17.3&#8243; _module_preset=&#8220;default&#8220; global_colors_info=&#8220;{}&#8220;][et_pb_column type=&#8220;1_3&#8243; _builder_version=&#8220;4.17.3&#8243; _module_preset=&#8220;default&#8220; global_colors_info=&#8220;{}&#8220;][et_pb_blurb title=&#8220;Telefon&#8220; image=&#8220;https:\/\/traumzeitmeditationen.de\/wp-content\/uploads\/2023\/02\/Flower-Shop-8.png&#8220; icon_placement=&#8220;left&#8220; content_max_width=&#8220;712px&#8220; _builder_version=&#8220;4.27.4&#8243; _module_preset=&#8220;default&#8220; header_text_color=&#8220;#6b6b6b&#8220; body_text_color=&#8220;#aa6946&#8243; image_icon_custom_margin=&#8220;9px||||false|false&#8220; image_icon_custom_padding=&#8220;0px||||false|false&#8220; global_colors_info=&#8220;{}&#8220;]<\/p>\n<p>+49 (0) 177 3333661<\/p>\n<p>[\/et_pb_blurb][\/et_pb_column][et_pb_column type=&#8220;1_3&#8243; _builder_version=&#8220;4.17.3&#8243; _module_preset=&#8220;default&#8220; global_colors_info=&#8220;{}&#8220;][et_pb_blurb title=&#8220;Email&#8220; image=&#8220;https:\/\/traumzeitmeditationen.de\/wp-content\/uploads\/2023\/02\/Flower-Shop-9.png&#8220; icon_placement=&#8220;left&#8220; content_max_width=&#8220;712px&#8220; _builder_version=&#8220;4.27.4&#8243; _module_preset=&#8220;default&#8220; header_text_color=&#8220;#6b6b6b&#8220; body_text_color=&#8220;#aa6946&#8243; image_icon_custom_margin=&#8220;9px||||false|false&#8220; image_icon_custom_padding=&#8220;0px||||false|false&#8220; hover_enabled=&#8220;0&#8243; global_colors_info=&#8220;{}&#8220; sticky_enabled=&#8220;0&#8243;]<\/p>\n<p>ingrid@traumzeitmeditationen.de<\/p>\n<p>[\/et_pb_blurb][\/et_pb_column][et_pb_column type=&#8220;1_3&#8243; _builder_version=&#8220;4.27.4&#8243; _module_preset=&#8220;default&#8220; global_colors_info=&#8220;{}&#8220;][et_pb_blurb title=&#8220;Adresse&#8220; image=&#8220;https:\/\/traumzeitmeditationen.de\/wp-content\/uploads\/2023\/02\/Flower-Shop-9.png&#8220; icon_placement=&#8220;left&#8220; content_max_width=&#8220;712px&#8220; _builder_version=&#8220;4.27.4&#8243; _module_preset=&#8220;default&#8220; header_text_color=&#8220;#6b6b6b&#8220; body_text_color=&#8220;#aa6946&#8243; image_icon_custom_margin=&#8220;9px||||false|false&#8220; image_icon_custom_padding=&#8220;0px||||false|false&#8220; global_colors_info=&#8220;{}&#8220;]<\/p>\n<p>Sch\u00f6nbornring 18 \/ 63263 Neu-Isenburg, Deutschland<\/p>\n<p>[\/et_pb_blurb][\/et_pb_column][\/et_pb_row][\/et_pb_section][et_pb_section fb_built=&#8220;1&#8243; admin_label=&#8220;Features&#8220; _builder_version=&#8220;4.27.4&#8243; _module_preset=&#8220;default&#8220; background_color=&#8220;#9b9b9b&#8220; background_enable_image=&#8220;off&#8220; collapsed=&#8220;on&#8220; global_colors_info=&#8220;{}&#8220;][et_pb_row column_structure=&#8220;1_4,1_4,1_4,1_4&#8243; _builder_version=&#8220;4.20.0&#8243; _module_preset=&#8220;default&#8220; global_colors_info=&#8220;{}&#8220;][et_pb_column type=&#8220;1_4&#8243; _builder_version=&#8220;4.20.0&#8243; _module_preset=&#8220;default&#8220; global_colors_info=&#8220;{}&#8220;][et_pb_button button_url=&#8220;https:\/\/traumzeitmeditationen.de&#8220; button_text=&#8220;Home&#8220; button_alignment=&#8220;center&#8220; _builder_version=&#8220;4.27.4&#8243; _module_preset=&#8220;default&#8220; custom_button=&#8220;on&#8220; button_text_color=&#8220;#000000&#8243; button_bg_color=&#8220;#ede1d5&#8243; button_border_width=&#8220;3px&#8220; button_border_color=&#8220;#004360&#8243; button_font=&#8220;||||||||&#8220; global_colors_info=&#8220;{}&#8220;][\/et_pb_button][\/et_pb_column][et_pb_column type=&#8220;1_4&#8243; _builder_version=&#8220;4.20.0&#8243; _module_preset=&#8220;default&#8220; global_colors_info=&#8220;{}&#8220;][et_pb_button button_url=&#8220;@ET-DC@eyJkeW5hbWljIjp0cnVlLCJjb250ZW50IjoicG9zdF9saW5rX3VybF9wYWdlIiwic2V0dGluZ3MiOnsicG9zdF9pZCI6IjQzODQifX0=@&#8220; button_text=&#8220;Meditatives Coaching&#8220; button_alignment=&#8220;center&#8220; _builder_version=&#8220;4.27.4&#8243; _dynamic_attributes=&#8220;button_url&#8220; _module_preset=&#8220;default&#8220; custom_button=&#8220;on&#8220; button_text_color=&#8220;#004360&#8243; button_bg_color=&#8220;#ede1d5&#8243; button_border_width=&#8220;3px&#8220; button_border_color=&#8220;#004360&#8243; button_font=&#8220;||||||||&#8220; global_colors_info=&#8220;{}&#8220;][\/et_pb_button][\/et_pb_column][et_pb_column type=&#8220;1_4&#8243; _builder_version=&#8220;4.20.0&#8243; _module_preset=&#8220;default&#8220; global_colors_info=&#8220;{}&#8220;][et_pb_button button_url=&#8220;https:\/\/traumzeitmeditationen.de\/blog&#8220; button_text=&#8220;Blog&#8220; button_alignment=&#8220;center&#8220; _builder_version=&#8220;4.27.4&#8243; _module_preset=&#8220;default&#8220; custom_button=&#8220;on&#8220; button_text_color=&#8220;#004360&#8243; button_bg_color=&#8220;#ede1d5&#8243; button_border_width=&#8220;3px&#8220; button_border_color=&#8220;#004360&#8243; button_font=&#8220;||||||||&#8220; global_colors_info=&#8220;{}&#8220;][\/et_pb_button][\/et_pb_column][et_pb_column type=&#8220;1_4&#8243; _builder_version=&#8220;4.20.0&#8243; _module_preset=&#8220;default&#8220; global_colors_info=&#8220;{}&#8220;][et_pb_button button_url=&#8220;@ET-DC@eyJkeW5hbWljIjp0cnVlLCJjb250ZW50IjoicG9zdF9saW5rX3VybF9wYWdlIiwic2V0dGluZ3MiOnsicG9zdF9pZCI6IjM4MzIifX0=@&#8220; button_text=&#8220;\u00dcber mich&#8220; button_alignment=&#8220;center&#8220; _builder_version=&#8220;4.27.4&#8243; _dynamic_attributes=&#8220;button_url&#8220; _module_preset=&#8220;default&#8220; custom_button=&#8220;on&#8220; button_text_color=&#8220;#004360&#8243; button_bg_color=&#8220;#ede1d5&#8243; button_border_width=&#8220;3px&#8220; button_border_color=&#8220;#004360&#8243; button_font=&#8220;||||||||&#8220; global_colors_info=&#8220;{}&#8220;][\/et_pb_button][\/et_pb_column][\/et_pb_row][\/et_pb_section]<\/p>\n","protected":false},"excerpt":{"rendered":"<p>Mit mir arbeiten: Entfalte Dich mit weiblicher Empathie und TatkraftMit mir arbeiten beginnt mit einem Erstgespr\u00e4ch. Dies ist kostenlos f\u00fcr Dich. Es geht dabei um Deine W\u00fcnsche zur\u00a0 Entfaltung und um Dein Unbehagen, aus dem wir die Zielvision oder Deinen ureigenen Traum auftauchen lassen. Du bekommst einen ersten Einblick in die Kraft der Meditation mit [&hellip;]<\/p>\n","protected":false},"author":1,"featured_media":0,"parent":0,"menu_order":3,"comment_status":"closed","ping_status":"closed","template":"","meta":{"_et_pb_use_builder":"on","_et_pb_old_content":"","_et_gb_content_width":"","footnotes":""},"class_list":["post-3937","page","type-page","status-publish","hentry"],"yoast_head":"<!-- This site is optimized with the Yoast SEO plugin v27.3 - https:\/\/yoast.com\/product\/yoast-seo-wordpress\/ -->\n<title>Mit mir arbeiten - Traumzeitmeditationen<\/title>\n<meta name=\"description\" content=\"Mit mir arbeiten geht bequem online, einzeln und auch in kleinen Gruppen. Wir meditieren und besprechen den Entwicklungsweg. Angebote hier.\" \/>\n<meta name=\"robots\" content=\"index, follow, max-snippet:-1, max-image-preview:large, max-video-preview:-1\" \/>\n<link rel=\"canonical\" href=\"https:\/\/traumzeitmeditationen.de\/en\/mit-mir-arbeiten\/\" \/>\n<meta property=\"og:locale\" content=\"en_GB\" \/>\n<meta property=\"og:type\" content=\"article\" \/>\n<meta property=\"og:title\" content=\"Mit mir arbeiten - Traumzeitmeditationen\" \/>\n<meta property=\"og:description\" content=\"Mit mir arbeiten geht bequem online, einzeln und auch in kleinen Gruppen. Wir meditieren und besprechen den Entwicklungsweg. Angebote hier.\" \/>\n<meta property=\"og:url\" content=\"https:\/\/traumzeitmeditationen.de\/en\/mit-mir-arbeiten\/\" \/>\n<meta property=\"og:site_name\" content=\"Traumzeitmeditationen\" \/>\n<meta property=\"article:modified_time\" content=\"2025-06-26T15:16:00+00:00\" \/>\n<meta name=\"twitter:card\" content=\"summary_large_image\" \/>\n<meta name=\"twitter:label1\" content=\"Estimated reading time\" \/>\n\t<meta name=\"twitter:data1\" content=\"3 minutes\" \/>\n<script type=\"application\/ld+json\" class=\"yoast-schema-graph\">{\"@context\":\"https:\\\/\\\/schema.org\",\"@graph\":[{\"@type\":\"WebPage\",\"@id\":\"https:\\\/\\\/traumzeitmeditationen.de\\\/mit-mir-arbeiten\\\/\",\"url\":\"https:\\\/\\\/traumzeitmeditationen.de\\\/mit-mir-arbeiten\\\/\",\"name\":\"Mit mir arbeiten - Traumzeitmeditationen\",\"isPartOf\":{\"@id\":\"https:\\\/\\\/traumzeitmeditationen.de\\\/#website\"},\"datePublished\":\"2024-06-16T13:43:35+00:00\",\"dateModified\":\"2025-06-26T15:16:00+00:00\",\"description\":\"Mit mir arbeiten geht bequem online, einzeln und auch in kleinen Gruppen. Wir meditieren und besprechen den Entwicklungsweg. Angebote hier.\",\"breadcrumb\":{\"@id\":\"https:\\\/\\\/traumzeitmeditationen.de\\\/mit-mir-arbeiten\\\/#breadcrumb\"},\"inLanguage\":\"en-GB\",\"potentialAction\":[{\"@type\":\"ReadAction\",\"target\":[\"https:\\\/\\\/traumzeitmeditationen.de\\\/mit-mir-arbeiten\\\/\"]}]},{\"@type\":\"BreadcrumbList\",\"@id\":\"https:\\\/\\\/traumzeitmeditationen.de\\\/mit-mir-arbeiten\\\/#breadcrumb\",\"itemListElement\":[{\"@type\":\"ListItem\",\"position\":1,\"name\":\"Startseite\",\"item\":\"https:\\\/\\\/traumzeitmeditationen.de\\\/\"},{\"@type\":\"ListItem\",\"position\":2,\"name\":\"Mit mir arbeiten\"}]},{\"@type\":\"WebSite\",\"@id\":\"https:\\\/\\\/traumzeitmeditationen.de\\\/#website\",\"url\":\"https:\\\/\\\/traumzeitmeditationen.de\\\/\",\"name\":\"Traumzeitmeditationen\",\"description\":\"Meditation &amp; Coaching\",\"publisher\":{\"@id\":\"https:\\\/\\\/traumzeitmeditationen.de\\\/#organization\"},\"potentialAction\":[{\"@type\":\"SearchAction\",\"target\":{\"@type\":\"EntryPoint\",\"urlTemplate\":\"https:\\\/\\\/traumzeitmeditationen.de\\\/?s={search_term_string}\"},\"query-input\":{\"@type\":\"PropertyValueSpecification\",\"valueRequired\":true,\"valueName\":\"search_term_string\"}}],\"inLanguage\":\"en-GB\"},{\"@type\":\"Organization\",\"@id\":\"https:\\\/\\\/traumzeitmeditationen.de\\\/#organization\",\"name\":\"JungianCoach\",\"url\":\"https:\\\/\\\/traumzeitmeditationen.de\\\/\",\"logo\":{\"@type\":\"ImageObject\",\"inLanguage\":\"en-GB\",\"@id\":\"https:\\\/\\\/traumzeitmeditationen.de\\\/#\\\/schema\\\/logo\\\/image\\\/\",\"url\":\"https:\\\/\\\/jungiancoach.de\\\/wp-content\\\/uploads\\\/2023\\\/06\\\/cropped-CreateDestinyBlau.png\",\"contentUrl\":\"https:\\\/\\\/jungiancoach.de\\\/wp-content\\\/uploads\\\/2023\\\/06\\\/cropped-CreateDestinyBlau.png\",\"width\":512,\"height\":512,\"caption\":\"JungianCoach\"},\"image\":{\"@id\":\"https:\\\/\\\/traumzeitmeditationen.de\\\/#\\\/schema\\\/logo\\\/image\\\/\"}}]}<\/script>\n<!-- \/ Yoast SEO plugin. -->","yoast_head_json":{"title":"Mit mir arbeiten - Traumzeitmeditationen","description":"Mit mir arbeiten geht bequem online, einzeln und auch in kleinen Gruppen. Wir meditieren und besprechen den Entwicklungsweg. Angebote hier.","robots":{"index":"index","follow":"follow","max-snippet":"max-snippet:-1","max-image-preview":"max-image-preview:large","max-video-preview":"max-video-preview:-1"},"canonical":"https:\/\/traumzeitmeditationen.de\/en\/mit-mir-arbeiten\/","og_locale":"en_GB","og_type":"article","og_title":"Mit mir arbeiten - Traumzeitmeditationen","og_description":"Mit mir arbeiten geht bequem online, einzeln und auch in kleinen Gruppen. Wir meditieren und besprechen den Entwicklungsweg. Angebote hier.","og_url":"https:\/\/traumzeitmeditationen.de\/en\/mit-mir-arbeiten\/","og_site_name":"Traumzeitmeditationen","article_modified_time":"2025-06-26T15:16:00+00:00","twitter_card":"summary_large_image","twitter_misc":{"Estimated reading time":"3 minutes"},"schema":{"@context":"https:\/\/schema.org","@graph":[{"@type":"WebPage","@id":"https:\/\/traumzeitmeditationen.de\/mit-mir-arbeiten\/","url":"https:\/\/traumzeitmeditationen.de\/mit-mir-arbeiten\/","name":"Mit mir arbeiten - Traumzeitmeditationen","isPartOf":{"@id":"https:\/\/traumzeitmeditationen.de\/#website"},"datePublished":"2024-06-16T13:43:35+00:00","dateModified":"2025-06-26T15:16:00+00:00","description":"Mit mir arbeiten geht bequem online, einzeln und auch in kleinen Gruppen. Wir meditieren und besprechen den Entwicklungsweg. Angebote hier.","breadcrumb":{"@id":"https:\/\/traumzeitmeditationen.de\/mit-mir-arbeiten\/#breadcrumb"},"inLanguage":"en-GB","potentialAction":[{"@type":"ReadAction","target":["https:\/\/traumzeitmeditationen.de\/mit-mir-arbeiten\/"]}]},{"@type":"BreadcrumbList","@id":"https:\/\/traumzeitmeditationen.de\/mit-mir-arbeiten\/#breadcrumb","itemListElement":[{"@type":"ListItem","position":1,"name":"Startseite","item":"https:\/\/traumzeitmeditationen.de\/"},{"@type":"ListItem","position":2,"name":"Mit mir arbeiten"}]},{"@type":"WebSite","@id":"https:\/\/traumzeitmeditationen.de\/#website","url":"https:\/\/traumzeitmeditationen.de\/","name":"Dreamtimemeditations","description":"Meditation &amp; Coaching","publisher":{"@id":"https:\/\/traumzeitmeditationen.de\/#organization"},"potentialAction":[{"@type":"SearchAction","target":{"@type":"EntryPoint","urlTemplate":"https:\/\/traumzeitmeditationen.de\/?s={search_term_string}"},"query-input":{"@type":"PropertyValueSpecification","valueRequired":true,"valueName":"search_term_string"}}],"inLanguage":"en-GB"},{"@type":"Organization","@id":"https:\/\/traumzeitmeditationen.de\/#organization","name":"JungianCoach","url":"https:\/\/traumzeitmeditationen.de\/","logo":{"@type":"ImageObject","inLanguage":"en-GB","@id":"https:\/\/traumzeitmeditationen.de\/#\/schema\/logo\/image\/","url":"https:\/\/jungiancoach.de\/wp-content\/uploads\/2023\/06\/cropped-CreateDestinyBlau.png","contentUrl":"https:\/\/jungiancoach.de\/wp-content\/uploads\/2023\/06\/cropped-CreateDestinyBlau.png","width":512,"height":512,"caption":"JungianCoach"},"image":{"@id":"https:\/\/traumzeitmeditationen.de\/#\/schema\/logo\/image\/"}}]}},"_links":{"self":[{"href":"https:\/\/traumzeitmeditationen.de\/en\/wp-json\/wp\/v2\/pages\/3937","targetHints":{"allow":["GET"]}}],"collection":[{"href":"https:\/\/traumzeitmeditationen.de\/en\/wp-json\/wp\/v2\/pages"}],"about":[{"href":"https:\/\/traumzeitmeditationen.de\/en\/wp-json\/wp\/v2\/types\/page"}],"author":[{"embeddable":true,"href":"https:\/\/traumzeitmeditationen.de\/en\/wp-json\/wp\/v2\/users\/1"}],"replies":[{"embeddable":true,"href":"https:\/\/traumzeitmeditationen.de\/en\/wp-json\/wp\/v2\/comments?post=3937"}],"version-history":[{"count":10,"href":"https:\/\/traumzeitmeditationen.de\/en\/wp-json\/wp\/v2\/pages\/3937\/revisions"}],"predecessor-version":[{"id":5147,"href":"https:\/\/traumzeitmeditationen.de\/en\/wp-json\/wp\/v2\/pages\/3937\/revisions\/5147"}],"wp:attachment":[{"href":"https:\/\/traumzeitmeditationen.de\/en\/wp-json\/wp\/v2\/media?parent=3937"}],"curies":[{"name":"wp","href":"https:\/\/api.w.org\/{rel}","templated":true}]}}