{"id":382,"date":"2022-04-27T17:05:32","date_gmt":"2022-04-27T15:05:32","guid":{"rendered":"https:\/\/gemmaquest.com\/?page_id=382"},"modified":"2025-01-23T19:18:14","modified_gmt":"2025-01-23T18:18:14","slug":"ethik","status":"publish","type":"page","link":"https:\/\/traumzeitmeditationen.de\/en\/ethik\/","title":{"rendered":"Ethics"},"content":{"rendered":"<p>[et_pb_section fb_built=&#8220;1&#8243; admin_label=&#8220;Custom Bouquets Section&#8220; _builder_version=&#8220;4.16&#8243; _module_preset=&#8220;default&#8220; background_color=&#8220;#dfe0e5&#8243; custom_padding=&#8220;110px||110px|&#8220; global_colors_info=&#8220;{}&#8220;][et_pb_row column_structure=&#8220;3_5,2_5&#8243; _builder_version=&#8220;4.17.3&#8243; _module_preset=&#8220;default&#8220; min_height=&#8220;281.2px&#8220; global_colors_info=&#8220;{}&#8220;][et_pb_column type=&#8220;3_5&#8243; _builder_version=&#8220;4.17.3&#8243; _module_preset=&#8220;default&#8220; global_colors_info=&#8220;{}&#8220;][et_pb_text _builder_version=&#8220;4.21.0&#8243; _module_preset=&#8220;default&#8220; text_font=&#8220;Alata||||||||&#8220; text_font_size=&#8220;40px&#8220; global_colors_info=&#8220;{}&#8220;]<\/p>\n<p>Ethische Grunds\u00e4tze<\/p>\n<p>[\/et_pb_text][et_pb_text _builder_version=&#8220;4.21.0&#8243; _module_preset=&#8220;default&#8220; global_colors_info=&#8220;{}&#8220;]<\/p>\n<p>Living Brilliance Coaching bietet Coaching, Mentoring, Kurse und Workshops and. Unsere Methoden beruhen auf bew\u00e4hrten Praktiken zertifizierter Schulen: Biddy Tarot, The Four Winds Society, Jungian Coaching School und evolvingwisdom.com.<\/p>\n<p>Wir halten uns an die Grunds\u00e4tze der Coaching Verb\u00e4nde und verstehen uns als unterschieden von Medizinern, Psychologen, Psychiatern, Psychotherapeuten, Heilpraktikern, medialen Heilern und konfessionellen Seelsorgern. Unsere Kunden erhalten im Coaching die Verfahren des aktiven Zuh\u00f6rens und Fragens. Wir verwenden Elemente der aktiven Imagination, der Gestalt- und der Kunsttherapie wie bei Dr. Avi Goren-Bar. Wir verwenden dar\u00fcber hinaus Meditationen und imaginative Reisen. Wir geben den Teilnehmern und Klienten keine Inhalte vor, sondern erwarten von Ihnen die volle Verantwortung f\u00fcr Inhalte und Schlussfolgerungen.<\/p>\n<p>In begr\u00fcndeten Verdachtsf\u00e4llen raten wir zu entsprechender \u00e4rztliche Diagnose und Behandlung. Schwere psychische Leiden schlie\u00dfen die Arbeit mit unseren Mitteln aus. Psychotherapie kann durch unsere Arbeit erg\u00e4nzt werden.<\/p>\n<p>Das Ziel ist eine ges\u00fcndere und friedvollere Lebensweise. Die Kunden bringen den Wunsch zur Ver\u00e4nderung mit. Wir unterst\u00fctzen den Prozess der Neuorientierung. Wir folgen dem Ansatz, dass Liebe und Verst\u00e4ndnis f\u00fcr alle f\u00fchlenden Wesen da ist.\u00a0<\/p>\n<p>Unsere Kunden bef\u00fcrworten die Menschenrechte. Sie kommen aus vielen Kulturen und spirituellen Richtungen. Wir lehnen jede Form von Rassismus ab. Die Diskriminierung von Geschlecht, Alter oder Minderheiten ist mit unserer Ethik unvereinbar. Jede Form von Hass und Gewalt lehnen wir ab.<\/p>\n<p>Ethik und Vertraulichkeit<\/p>\n<p>Alle Informationen im Kontext unserer Leistungen sind streng vertraulich, solange ein Klient nicht explizit mehr \u00d6ffentlichkeit w\u00fcnscht. Das betrifft besonderns die Daten der Kunden. Wir verwenden die Daten und Dokumente nur lokal. Und wir l\u00f6schen die Leseunterlagen nach drei Monaten. Auf ausdr\u00fccklichen Wunsch der Kunden sind Ausnahmen m\u00f6glich. (Siehe Datenschutz).<\/p>\n<p>[\/et_pb_text][\/et_pb_column][et_pb_column type=&#8220;2_5&#8243; _builder_version=&#8220;4.17.3&#8243; _module_preset=&#8220;default&#8220; global_colors_info=&#8220;{}&#8220;][\/et_pb_column][\/et_pb_row][\/et_pb_section][et_pb_section fb_built=&#8220;1&#8243; admin_label=&#8220;Custom Bouquets Section&#8220; _builder_version=&#8220;4.16&#8243; _module_preset=&#8220;default&#8220; background_color=&#8220;#dfe0e5&#8243; custom_padding=&#8220;110px||110px|&#8220; locked=&#8220;off&#8220; global_colors_info=&#8220;{}&#8220;][et_pb_row column_structure=&#8220;3_5,2_5&#8243; _builder_version=&#8220;4.17.3&#8243; _module_preset=&#8220;default&#8220; min_height=&#8220;281.2px&#8220; global_colors_info=&#8220;{}&#8220;][et_pb_column type=&#8220;3_5&#8243; _builder_version=&#8220;4.17.3&#8243; _module_preset=&#8220;default&#8220; global_colors_info=&#8220;{}&#8220;][et_pb_text _builder_version=&#8220;4.21.0&#8243; _module_preset=&#8220;default&#8220; text_font=&#8220;Alata||||||||&#8220; text_font_size=&#8220;40px&#8220; global_colors_info=&#8220;{}&#8220;]<\/p>\n<p>Ethik f\u00fcr unser Tarot<\/p>\n<p>[\/et_pb_text][et_pb_text _builder_version=&#8220;4.21.0&#8243; _module_preset=&#8220;default&#8220; global_colors_info=&#8220;{}&#8220;]<\/p>\n<p>Wir bieten Tarotlesungen zum Zweck der Unterhaltung und Beratung an. Wir legen Bilder im Kontext der Fragen der Kunden aus. Living Brilliance Coaching h\u00e4lt sich auch an die Grunds\u00e4tze von Biddy Tarot.<\/p>\n<p>Das Angebot richtet sich an Erwachsene. Der Kundenkreis umfasst Menschen, die ihre Zukunft gestalten wollen. Wir ergr\u00fcnden ihre Motivation und wollen inspirieren. Wir arbeiten im direkten Dialog. Fragen zu Dritten bearbeiten wir nicht.<\/p>\n<p>Unser Tarot grenzt sich von anderen Disziplinen ab. So ersetzen Tarotlesungen keine psychologische, psychiatrische oder medizinische Arbeit. Ebenso ersetzen die Lesungen keine Beratungen im Bereich Finanzen, Immobilien und religi\u00f6ser Seelsorge. Schlie\u00dflich sind wir auch keine Detektive.<\/p>\n<p>Die Inhalte der Lesungen sind f\u00fcr den Kunden nicht bindend. Die Kunden behalten ihre Eigenverantwortung. Sie ziehen eigene Schl\u00fcsse.<\/p>\n<p>[\/et_pb_text][\/et_pb_column][et_pb_column type=&#8220;2_5&#8243; _builder_version=&#8220;4.17.3&#8243; _module_preset=&#8220;default&#8220; global_colors_info=&#8220;{}&#8220;][et_pb_image src=&#8220;https:\/\/jungiancoach.de\/wp-content\/uploads\/2023\/02\/mandala-5180247_1280-1.png&#8220; alt=&#8220;Arcademy Symbole Jungian Coaching Kraftquellen&#8220; title_text=&#8220;mandala-5180247_1280 (1)&#8220; _builder_version=&#8220;4.22.2&#8243; _module_preset=&#8220;default&#8220; height=&#8220;232px&#8220; max_height=&#8220;348px&#8220; custom_margin=&#8220;115px||||false|false&#8220; global_colors_info=&#8220;{}&#8220;][\/et_pb_image][\/et_pb_column][\/et_pb_row][\/et_pb_section][et_pb_section fb_built=&#8220;1&#8243; fullwidth=&#8220;on&#8220; _builder_version=&#8220;4.17.3&#8243; _module_preset=&#8220;default&#8220; global_colors_info=&#8220;{}&#8220;][\/et_pb_section][et_pb_section fb_built=&#8220;1&#8243; admin_label=&#8220;Features&#8220; _builder_version=&#8220;4.21.0&#8243; _module_preset=&#8220;default&#8220; background_color=&#8220;#004360&#8243; use_background_color_gradient=&#8220;on&#8220; background_color_gradient_stops=&#8220;#004360 0%|rgba(0,67,96,0.56) 36%|rgba(0,67,96,0.68) 68%|#004360 99%&#8220; background_color_gradient_overlays_image=&#8220;on&#8220; background_image=&#8220;https:\/\/jungiancoach.de\/wp-content\/uploads\/2023\/06\/nature-3142302_1920.jpg&#8220; collapsed=&#8220;on&#8220; global_colors_info=&#8220;{}&#8220;][et_pb_row column_structure=&#8220;1_5,1_5,1_5,1_5,1_5&#8243; _builder_version=&#8220;4.20.0&#8243; _module_preset=&#8220;default&#8220; global_colors_info=&#8220;{}&#8220;][et_pb_column type=&#8220;1_5&#8243; _builder_version=&#8220;4.20.0&#8243; _module_preset=&#8220;default&#8220; global_colors_info=&#8220;{}&#8220;][et_pb_button button_url=&#8220;https:\/\/traumzeitmeditationen.de&#8220; button_text=&#8220;Home&#8220; button_alignment=&#8220;center&#8220; _builder_version=&#8220;4.23.1&#8243; _module_preset=&#8220;default&#8220; custom_button=&#8220;on&#8220; button_text_color=&#8220;#000000&#8243; button_bg_color=&#8220;#f4f4ef&#8220; button_border_width=&#8220;3px&#8220; button_border_color=&#8220;#004360&#8243; button_font=&#8220;||||||||&#8220; global_colors_info=&#8220;{}&#8220;][\/et_pb_button][\/et_pb_column][et_pb_column type=&#8220;1_5&#8243; _builder_version=&#8220;4.20.0&#8243; _module_preset=&#8220;default&#8220; global_colors_info=&#8220;{}&#8220;][et_pb_button button_url=&#8220;@ET-DC@eyJkeW5hbWljIjp0cnVlLCJjb250ZW50IjoicG9zdF9saW5rX3VybF9wYWdlIiwic2V0dGluZ3MiOnsicG9zdF9pZCI6IjQzODQifX0=@&#8220; button_text=&#8220;Meditatives Coaching&#8220; button_alignment=&#8220;center&#8220; _builder_version=&#8220;4.27.4&#8243; _dynamic_attributes=&#8220;button_url&#8220; _module_preset=&#8220;default&#8220; custom_button=&#8220;on&#8220; button_text_color=&#8220;#004360&#8243; button_bg_color=&#8220;#f4f4ef&#8220; button_border_width=&#8220;3px&#8220; button_border_color=&#8220;#004360&#8243; button_font=&#8220;||||||||&#8220; global_colors_info=&#8220;{}&#8220;][\/et_pb_button][\/et_pb_column][et_pb_column type=&#8220;1_5&#8243; _builder_version=&#8220;4.20.0&#8243; _module_preset=&#8220;default&#8220; global_colors_info=&#8220;{}&#8220;][et_pb_button button_url=&#8220;@ET-DC@eyJkeW5hbWljIjp0cnVlLCJjb250ZW50IjoicG9zdF9saW5rX3VybF9wYWdlIiwic2V0dGluZ3MiOnsicG9zdF9pZCI6IjM5MzcifX0=@&#8220; button_text=&#8220;Mit mir arbeiten&#8220; button_alignment=&#8220;center&#8220; _builder_version=&#8220;4.27.4&#8243; _dynamic_attributes=&#8220;button_url&#8220; _module_preset=&#8220;default&#8220; custom_button=&#8220;on&#8220; button_text_color=&#8220;#004360&#8243; button_bg_color=&#8220;#f4f4ef&#8220; button_border_width=&#8220;3px&#8220; button_border_color=&#8220;#004360&#8243; button_font=&#8220;||||||||&#8220; global_colors_info=&#8220;{}&#8220;][\/et_pb_button][\/et_pb_column][et_pb_column type=&#8220;1_5&#8243; _builder_version=&#8220;4.20.0&#8243; _module_preset=&#8220;default&#8220; global_colors_info=&#8220;{}&#8220;][et_pb_button button_url=&#8220;@ET-DC@eyJkeW5hbWljIjp0cnVlLCJjb250ZW50IjoicG9zdF9saW5rX3VybF9wYWdlIiwic2V0dGluZ3MiOnsicG9zdF9pZCI6IjM4MzIifX0=@&#8220; button_text=&#8220;\u00dcber mich&#8220; button_alignment=&#8220;center&#8220; _builder_version=&#8220;4.27.4&#8243; _dynamic_attributes=&#8220;button_url&#8220; _module_preset=&#8220;default&#8220; custom_button=&#8220;on&#8220; button_text_color=&#8220;#004360&#8243; button_bg_color=&#8220;#f4f4ef&#8220; button_border_width=&#8220;3px&#8220; button_border_color=&#8220;#004360&#8243; button_font=&#8220;||||||||&#8220; hover_enabled=&#8220;0&#8243; global_colors_info=&#8220;{}&#8220; sticky_enabled=&#8220;0&#8243;][\/et_pb_button][\/et_pb_column][et_pb_column type=&#8220;1_5&#8243; _builder_version=&#8220;4.20.0&#8243; _module_preset=&#8220;default&#8220; global_colors_info=&#8220;{}&#8220;][et_pb_button button_url=&#8220;https:\/\/traumzeitmeditationen.de\/blog&#8220; button_text=&#8220;Blog&#8220; button_alignment=&#8220;center&#8220; _builder_version=&#8220;4.25.1&#8243; _module_preset=&#8220;default&#8220; custom_button=&#8220;on&#8220; button_text_color=&#8220;#004360&#8243; button_bg_color=&#8220;#f4f4ef&#8220; button_border_width=&#8220;3px&#8220; button_border_color=&#8220;#004360&#8243; button_font=&#8220;||||||||&#8220; global_colors_info=&#8220;{}&#8220;][\/et_pb_button][\/et_pb_column][\/et_pb_row][\/et_pb_section]<\/p>\n","protected":false},"excerpt":{"rendered":"<p>Ethische Grunds\u00e4tzeLiving Brilliance Coaching bietet Coaching, Mentoring, Kurse und Workshops and. Unsere Methoden beruhen auf bew\u00e4hrten Praktiken zertifizierter Schulen: Biddy Tarot, The Four Winds Society, Jungian Coaching School und evolvingwisdom.com. Wir halten uns an die Grunds\u00e4tze der Coaching Verb\u00e4nde und verstehen uns als unterschieden von Medizinern, Psychologen, Psychiatern, Psychotherapeuten, Heilpraktikern, medialen Heilern und konfessionellen Seelsorgern. [&hellip;]<\/p>\n","protected":false},"author":1,"featured_media":0,"parent":0,"menu_order":1,"comment_status":"closed","ping_status":"closed","template":"","meta":{"_et_pb_use_builder":"on","_et_pb_old_content":"","_et_gb_content_width":"","footnotes":""},"class_list":["post-382","page","type-page","status-publish","hentry"],"yoast_head":"<!-- This site is optimized with the Yoast SEO plugin v27.3 - https:\/\/yoast.com\/product\/yoast-seo-wordpress\/ -->\n<title>Ethik - Traumzeitmeditationen<\/title>\n<meta name=\"robots\" content=\"index, follow, max-snippet:-1, max-image-preview:large, max-video-preview:-1\" \/>\n<link rel=\"canonical\" href=\"https:\/\/traumzeitmeditationen.de\/en\/ethik\/\" \/>\n<meta property=\"og:locale\" content=\"en_GB\" \/>\n<meta property=\"og:type\" content=\"article\" \/>\n<meta property=\"og:title\" content=\"Ethik - Traumzeitmeditationen\" \/>\n<meta property=\"og:description\" content=\"Ethische Grunds\u00e4tzeLiving Brilliance Coaching bietet Coaching, Mentoring, Kurse und Workshops and. Unsere Methoden beruhen auf bew\u00e4hrten Praktiken zertifizierter Schulen: Biddy Tarot, The Four Winds Society, Jungian Coaching School und evolvingwisdom.com. Wir halten uns an die Grunds\u00e4tze der Coaching Verb\u00e4nde und verstehen uns als unterschieden von Medizinern, Psychologen, Psychiatern, Psychotherapeuten, Heilpraktikern, medialen Heilern und konfessionellen Seelsorgern. [&hellip;]\" \/>\n<meta property=\"og:url\" content=\"https:\/\/traumzeitmeditationen.de\/en\/ethik\/\" \/>\n<meta property=\"og:site_name\" content=\"Traumzeitmeditationen\" \/>\n<meta property=\"article:modified_time\" content=\"2025-01-23T18:18:14+00:00\" \/>\n<meta name=\"twitter:card\" content=\"summary_large_image\" \/>\n<script type=\"application\/ld+json\" class=\"yoast-schema-graph\">{\"@context\":\"https:\\\/\\\/schema.org\",\"@graph\":[{\"@type\":\"WebPage\",\"@id\":\"https:\\\/\\\/traumzeitmeditationen.de\\\/ethik\\\/\",\"url\":\"https:\\\/\\\/traumzeitmeditationen.de\\\/ethik\\\/\",\"name\":\"Ethik - Traumzeitmeditationen\",\"isPartOf\":{\"@id\":\"https:\\\/\\\/traumzeitmeditationen.de\\\/#website\"},\"datePublished\":\"2022-04-27T15:05:32+00:00\",\"dateModified\":\"2025-01-23T18:18:14+00:00\",\"breadcrumb\":{\"@id\":\"https:\\\/\\\/traumzeitmeditationen.de\\\/ethik\\\/#breadcrumb\"},\"inLanguage\":\"en-GB\",\"potentialAction\":[{\"@type\":\"ReadAction\",\"target\":[\"https:\\\/\\\/traumzeitmeditationen.de\\\/ethik\\\/\"]}]},{\"@type\":\"BreadcrumbList\",\"@id\":\"https:\\\/\\\/traumzeitmeditationen.de\\\/ethik\\\/#breadcrumb\",\"itemListElement\":[{\"@type\":\"ListItem\",\"position\":1,\"name\":\"Startseite\",\"item\":\"https:\\\/\\\/traumzeitmeditationen.de\\\/\"},{\"@type\":\"ListItem\",\"position\":2,\"name\":\"Ethik\"}]},{\"@type\":\"WebSite\",\"@id\":\"https:\\\/\\\/traumzeitmeditationen.de\\\/#website\",\"url\":\"https:\\\/\\\/traumzeitmeditationen.de\\\/\",\"name\":\"Traumzeitmeditationen\",\"description\":\"Meditation &amp; Coaching\",\"publisher\":{\"@id\":\"https:\\\/\\\/traumzeitmeditationen.de\\\/#organization\"},\"potentialAction\":[{\"@type\":\"SearchAction\",\"target\":{\"@type\":\"EntryPoint\",\"urlTemplate\":\"https:\\\/\\\/traumzeitmeditationen.de\\\/?s={search_term_string}\"},\"query-input\":{\"@type\":\"PropertyValueSpecification\",\"valueRequired\":true,\"valueName\":\"search_term_string\"}}],\"inLanguage\":\"en-GB\"},{\"@type\":\"Organization\",\"@id\":\"https:\\\/\\\/traumzeitmeditationen.de\\\/#organization\",\"name\":\"JungianCoach\",\"url\":\"https:\\\/\\\/traumzeitmeditationen.de\\\/\",\"logo\":{\"@type\":\"ImageObject\",\"inLanguage\":\"en-GB\",\"@id\":\"https:\\\/\\\/traumzeitmeditationen.de\\\/#\\\/schema\\\/logo\\\/image\\\/\",\"url\":\"https:\\\/\\\/jungiancoach.de\\\/wp-content\\\/uploads\\\/2023\\\/06\\\/cropped-CreateDestinyBlau.png\",\"contentUrl\":\"https:\\\/\\\/jungiancoach.de\\\/wp-content\\\/uploads\\\/2023\\\/06\\\/cropped-CreateDestinyBlau.png\",\"width\":512,\"height\":512,\"caption\":\"JungianCoach\"},\"image\":{\"@id\":\"https:\\\/\\\/traumzeitmeditationen.de\\\/#\\\/schema\\\/logo\\\/image\\\/\"}}]}<\/script>\n<!-- \/ Yoast SEO plugin. -->","yoast_head_json":{"title":"Ethik - Traumzeitmeditationen","robots":{"index":"index","follow":"follow","max-snippet":"max-snippet:-1","max-image-preview":"max-image-preview:large","max-video-preview":"max-video-preview:-1"},"canonical":"https:\/\/traumzeitmeditationen.de\/en\/ethik\/","og_locale":"en_GB","og_type":"article","og_title":"Ethik - Traumzeitmeditationen","og_description":"Ethische Grunds\u00e4tzeLiving Brilliance Coaching bietet Coaching, Mentoring, Kurse und Workshops and. Unsere Methoden beruhen auf bew\u00e4hrten Praktiken zertifizierter Schulen: Biddy Tarot, The Four Winds Society, Jungian Coaching School und evolvingwisdom.com. Wir halten uns an die Grunds\u00e4tze der Coaching Verb\u00e4nde und verstehen uns als unterschieden von Medizinern, Psychologen, Psychiatern, Psychotherapeuten, Heilpraktikern, medialen Heilern und konfessionellen Seelsorgern. [&hellip;]","og_url":"https:\/\/traumzeitmeditationen.de\/en\/ethik\/","og_site_name":"Traumzeitmeditationen","article_modified_time":"2025-01-23T18:18:14+00:00","twitter_card":"summary_large_image","schema":{"@context":"https:\/\/schema.org","@graph":[{"@type":"WebPage","@id":"https:\/\/traumzeitmeditationen.de\/ethik\/","url":"https:\/\/traumzeitmeditationen.de\/ethik\/","name":"Ethik - Traumzeitmeditationen","isPartOf":{"@id":"https:\/\/traumzeitmeditationen.de\/#website"},"datePublished":"2022-04-27T15:05:32+00:00","dateModified":"2025-01-23T18:18:14+00:00","breadcrumb":{"@id":"https:\/\/traumzeitmeditationen.de\/ethik\/#breadcrumb"},"inLanguage":"en-GB","potentialAction":[{"@type":"ReadAction","target":["https:\/\/traumzeitmeditationen.de\/ethik\/"]}]},{"@type":"BreadcrumbList","@id":"https:\/\/traumzeitmeditationen.de\/ethik\/#breadcrumb","itemListElement":[{"@type":"ListItem","position":1,"name":"Startseite","item":"https:\/\/traumzeitmeditationen.de\/"},{"@type":"ListItem","position":2,"name":"Ethik"}]},{"@type":"WebSite","@id":"https:\/\/traumzeitmeditationen.de\/#website","url":"https:\/\/traumzeitmeditationen.de\/","name":"Dreamtimemeditations","description":"Meditation &amp; Coaching","publisher":{"@id":"https:\/\/traumzeitmeditationen.de\/#organization"},"potentialAction":[{"@type":"SearchAction","target":{"@type":"EntryPoint","urlTemplate":"https:\/\/traumzeitmeditationen.de\/?s={search_term_string}"},"query-input":{"@type":"PropertyValueSpecification","valueRequired":true,"valueName":"search_term_string"}}],"inLanguage":"en-GB"},{"@type":"Organization","@id":"https:\/\/traumzeitmeditationen.de\/#organization","name":"JungianCoach","url":"https:\/\/traumzeitmeditationen.de\/","logo":{"@type":"ImageObject","inLanguage":"en-GB","@id":"https:\/\/traumzeitmeditationen.de\/#\/schema\/logo\/image\/","url":"https:\/\/jungiancoach.de\/wp-content\/uploads\/2023\/06\/cropped-CreateDestinyBlau.png","contentUrl":"https:\/\/jungiancoach.de\/wp-content\/uploads\/2023\/06\/cropped-CreateDestinyBlau.png","width":512,"height":512,"caption":"JungianCoach"},"image":{"@id":"https:\/\/traumzeitmeditationen.de\/#\/schema\/logo\/image\/"}}]}},"_links":{"self":[{"href":"https:\/\/traumzeitmeditationen.de\/en\/wp-json\/wp\/v2\/pages\/382","targetHints":{"allow":["GET"]}}],"collection":[{"href":"https:\/\/traumzeitmeditationen.de\/en\/wp-json\/wp\/v2\/pages"}],"about":[{"href":"https:\/\/traumzeitmeditationen.de\/en\/wp-json\/wp\/v2\/types\/page"}],"author":[{"embeddable":true,"href":"https:\/\/traumzeitmeditationen.de\/en\/wp-json\/wp\/v2\/users\/1"}],"replies":[{"embeddable":true,"href":"https:\/\/traumzeitmeditationen.de\/en\/wp-json\/wp\/v2\/comments?post=382"}],"version-history":[{"count":10,"href":"https:\/\/traumzeitmeditationen.de\/en\/wp-json\/wp\/v2\/pages\/382\/revisions"}],"predecessor-version":[{"id":4530,"href":"https:\/\/traumzeitmeditationen.de\/en\/wp-json\/wp\/v2\/pages\/382\/revisions\/4530"}],"wp:attachment":[{"href":"https:\/\/traumzeitmeditationen.de\/en\/wp-json\/wp\/v2\/media?parent=382"}],"curies":[{"name":"wp","href":"https:\/\/api.w.org\/{rel}","templated":true}]}}