{"id":211,"date":"2022-03-21T18:47:19","date_gmt":"2022-03-21T17:47:19","guid":{"rendered":"https:\/\/gemmaquest.com\/?page_id=211"},"modified":"2025-06-26T17:28:34","modified_gmt":"2025-06-26T15:28:34","slug":"kontakt","status":"publish","type":"page","link":"https:\/\/traumzeitmeditationen.de\/en\/kontakt\/","title":{"rendered":"Contact"},"content":{"rendered":"<p>[et_pb_section fb_built=&#8220;1&#8243; admin_label=&#8220;Footer&#8220; _builder_version=&#8220;4.27.4&#8243; _module_preset=&#8220;default&#8220; background_color=&#8220;#ede1d5&#8243; background_enable_image=&#8220;off&#8220; collapsed=&#8220;on&#8220; global_colors_info=&#8220;{}&#8220;][et_pb_row _builder_version=&#8220;4.17.3&#8243; _module_preset=&#8220;default&#8220; global_colors_info=&#8220;{}&#8220;][et_pb_column type=&#8220;4_4&#8243; _builder_version=&#8220;4.17.3&#8243; _module_preset=&#8220;default&#8220; global_colors_info=&#8220;{}&#8220;][et_pb_text _builder_version=&#8220;4.27.4&#8243; _module_preset=&#8220;b327cbe4-b1d5-4b66-ad37-40c8f2f061ba&#8220; header_2_font=&#8220;|600|||||||&#8220; header_2_text_color=&#8220;#aa6946&#8243; header_2_font_size=&#8220;52px&#8220; header_2_line_height=&#8220;1.2em&#8220; header_2_font_size_tablet=&#8220;28px&#8220; header_2_font_size_phone=&#8220;28px&#8220; header_2_font_size_last_edited=&#8220;on|desktop&#8220; global_colors_info=&#8220;{}&#8220;]<\/p>\n<h2>So nimmst Du Kontakt mit mir auf!<\/h2>\n<p>[\/et_pb_text][\/et_pb_column][\/et_pb_row][et_pb_row column_structure=&#8220;2_5,3_5&#8243; _builder_version=&#8220;4.26.0&#8243; _module_preset=&#8220;default&#8220; global_colors_info=&#8220;{}&#8220;][et_pb_column type=&#8220;2_5&#8243; _builder_version=&#8220;4.26.0&#8243; _module_preset=&#8220;default&#8220; global_colors_info=&#8220;{}&#8220;][et_pb_cta title=&#8220;Mit einem Klick zum Erstgespr\u00e4ch&#8220; button_url=&#8220;https:\/\/calendly.com\/ingret-id\/40min&#8220; button_text=&#8220;Hier anklicken!&#8220; _builder_version=&#8220;4.27.4&#8243; _module_preset=&#8220;default&#8220; header_font_size=&#8220;25px&#8220; background_color=&#8220;#969696&#8243; link_option_url=&#8220;https:\/\/calendly.com\/ingret-id\/40min&#8220; global_colors_info=&#8220;{}&#8220;][\/et_pb_cta][\/et_pb_column][et_pb_column type=&#8220;3_5&#8243; _builder_version=&#8220;4.26.0&#8243; _module_preset=&#8220;default&#8220; global_colors_info=&#8220;{}&#8220;][et_pb_blurb title=&#8220;Klarheit und Orientierung f\u00fcr Dich&#8220; _builder_version=&#8220;4.27.4&#8243; _module_preset=&#8220;default&#8220; header_font=&#8220;|600|||||||&#8220; header_font_size=&#8220;28px&#8220; global_colors_info=&#8220;{}&#8220;]<\/p>\n<p>Im Erstgespr\u00e4ch gewinnst Du Klarheit dar\u00fcber, wie Du Dich durch mein Coaching-Programm selbst entfalten kannst. Du gewinnst einen Einblick in Deinen eigenen emotionalen Standort und Orientierung f\u00fcr die Entwicklung, die Du Dir w\u00fcnschst.<\/p>\n<p>Das Erstgespr\u00e4ch ist kostenlos, unverbindlich und vertraulich.\u00a0<\/p>\n<p>&nbsp;<\/p>\n<p>[\/et_pb_blurb][\/et_pb_column][\/et_pb_row][et_pb_row column_structure=&#8220;1_3,1_3,1_3&#8243; _builder_version=&#8220;4.27.4&#8243; _module_preset=&#8220;default&#8220; background_color=&#8220;#ede1d5&#8243; global_colors_info=&#8220;{}&#8220;][et_pb_column type=&#8220;1_3&#8243; _builder_version=&#8220;4.17.3&#8243; _module_preset=&#8220;default&#8220; global_colors_info=&#8220;{}&#8220;][et_pb_blurb title=&#8220;Phone&#8220; image=&#8220;https:\/\/gemmaquest.com\/wp-content\/uploads\/2023\/02\/Flower-Shop-8.png&#8220; icon_placement=&#8220;left&#8220; image_icon_width=&#8220;64px&#8220; content_max_width=&#8220;100%&#8220; _builder_version=&#8220;4.27.4&#8243; _module_preset=&#8220;341773a8-7d77-4626-b15c-f95399f25521&#8243; header_font=&#8220;Roboto|700|||||||&#8220; header_text_color=&#8220;#9b9b9b&#8220; header_font_size=&#8220;14px&#8220; header_line_height=&#8220;1.6em&#8220; body_font=&#8220;Roboto||||||||&#8220; body_text_color=&#8220;#F5F3EF&#8220; body_link_text_color=&#8220;#B5A68F&#8220; animation=&#8220;off&#8220; link_option_url=&#8220;tel:#&#8220; global_colors_info=&#8220;{}&#8220;]<\/p>\n<h5><strong>+49 (0) 177-3333661<\/strong><\/h5>\n<p>[\/et_pb_blurb][\/et_pb_column][et_pb_column type=&#8220;1_3&#8243; _builder_version=&#8220;4.17.3&#8243; _module_preset=&#8220;default&#8220; global_colors_info=&#8220;{}&#8220;][et_pb_blurb title=&#8220;Email&#8220; image=&#8220;https:\/\/gemmaquest.com\/wp-content\/uploads\/2023\/02\/Flower-Shop-9.png&#8220; icon_placement=&#8220;left&#8220; image_icon_width=&#8220;64px&#8220; content_max_width=&#8220;100%&#8220; _builder_version=&#8220;4.27.4&#8243; _module_preset=&#8220;341773a8-7d77-4626-b15c-f95399f25521&#8243; header_font=&#8220;Roboto|700|||||||&#8220; header_text_color=&#8220;#9b9b9b&#8220; header_font_size=&#8220;14px&#8220; header_line_height=&#8220;1.6em&#8220; body_font=&#8220;Roboto||||||||&#8220; body_text_color=&#8220;#F5F3EF&#8220; body_link_text_color=&#8220;#B5A68F&#8220; animation=&#8220;off&#8220; link_option_url=&#8220;mailto:#&#8220; locked=&#8220;off&#8220; global_colors_info=&#8220;{}&#8220;]<\/p>\n<h5><strong>ingrid@traumzeitmeditationen.de<\/strong><\/h5>\n<p>[\/et_pb_blurb][\/et_pb_column][et_pb_column type=&#8220;1_3&#8243; _builder_version=&#8220;4.17.3&#8243; _module_preset=&#8220;default&#8220; global_colors_info=&#8220;{}&#8220;][et_pb_blurb title=&#8220;Adresse&#8220; image=&#8220;https:\/\/gemmaquest.com\/wp-content\/uploads\/2023\/02\/Flower-Shop-10.png&#8220; icon_placement=&#8220;left&#8220; image_icon_width=&#8220;64px&#8220; content_max_width=&#8220;100%&#8220; _builder_version=&#8220;4.27.4&#8243; _module_preset=&#8220;341773a8-7d77-4626-b15c-f95399f25521&#8243; header_level=&#8220;h5&#8243; header_font=&#8220;Roboto|700|||||||&#8220; header_text_color=&#8220;#9b9b9b&#8220; header_font_size=&#8220;14px&#8220; header_line_height=&#8220;1.6em&#8220; body_font=&#8220;Roboto||||||||&#8220; body_text_color=&#8220;#F5F3EF&#8220; body_link_text_color=&#8220;#B5A68F&#8220; animation=&#8220;off&#8220; locked=&#8220;off&#8220; global_colors_info=&#8220;{}&#8220;]<\/p>\n<h5><strong>Ingrid Drafta \/ Sch\u00f6nbornring 18 \/ 63263 Neu-Isenburg (Germany)<\/strong><\/h5>\n<p>[\/et_pb_blurb][\/et_pb_column][\/et_pb_row][et_pb_row _builder_version=&#8220;4.27.4&#8243; _module_preset=&#8220;default&#8220; global_colors_info=&#8220;{}&#8220;][et_pb_column type=&#8220;4_4&#8243; _builder_version=&#8220;4.27.4&#8243; _module_preset=&#8220;default&#8220; global_colors_info=&#8220;{}&#8220;][et_pb_contact_form email=&#8220;ingrid@traumzeitmeditationen.de&#8220; title=&#8220;Deine Nachricht gleich hier&#8220; success_message=&#8220;Vielen Dank f\u00fcr Deine Nachricht. &#8220; _builder_version=&#8220;4.27.4&#8243; _module_preset=&#8220;default&#8220; _unique_id=&#8220;8c30aa4c-6189-4c2b-ba05-8a9c540bad73&#8243; hover_enabled=&#8220;0&#8243; global_colors_info=&#8220;{}&#8220; sticky_enabled=&#8220;0&#8243;][et_pb_contact_field field_id=&#8220;Name&#8220; field_title=&#8220;Name&#8220; _builder_version=&#8220;4.16&#8243; global_colors_info=&#8220;{}&#8220; button_text_size__hover_enabled=&#8220;off&#8220; button_one_text_size__hover_enabled=&#8220;off&#8220; button_two_text_size__hover_enabled=&#8220;off&#8220; button_text_color__hover_enabled=&#8220;off&#8220; button_one_text_color__hover_enabled=&#8220;off&#8220; button_two_text_color__hover_enabled=&#8220;off&#8220; button_border_width__hover_enabled=&#8220;off&#8220; button_one_border_width__hover_enabled=&#8220;off&#8220; button_two_border_width__hover_enabled=&#8220;off&#8220; button_border_color__hover_enabled=&#8220;off&#8220; button_one_border_color__hover_enabled=&#8220;off&#8220; button_two_border_color__hover_enabled=&#8220;off&#8220; button_border_radius__hover_enabled=&#8220;off&#8220; button_one_border_radius__hover_enabled=&#8220;off&#8220; button_two_border_radius__hover_enabled=&#8220;off&#8220; button_letter_spacing__hover_enabled=&#8220;off&#8220; button_one_letter_spacing__hover_enabled=&#8220;off&#8220; button_two_letter_spacing__hover_enabled=&#8220;off&#8220; button_bg_color__hover_enabled=&#8220;off&#8220; button_one_bg_color__hover_enabled=&#8220;off&#8220; button_two_bg_color__hover_enabled=&#8220;off&#8220;][\/et_pb_contact_field][et_pb_contact_field field_id=&#8220;Email&#8220; field_title=&#8220;E-Mail-Adresse&#8220; field_type=&#8220;email&#8220; _builder_version=&#8220;4.27.4&#8243; hover_enabled=&#8220;0&#8243; global_colors_info=&#8220;{}&#8220; button_text_size__hover_enabled=&#8220;off&#8220; button_one_text_size__hover_enabled=&#8220;off&#8220; button_two_text_size__hover_enabled=&#8220;off&#8220; button_text_color__hover_enabled=&#8220;off&#8220; button_one_text_color__hover_enabled=&#8220;off&#8220; button_two_text_color__hover_enabled=&#8220;off&#8220; button_border_width__hover_enabled=&#8220;off&#8220; button_one_border_width__hover_enabled=&#8220;off&#8220; button_two_border_width__hover_enabled=&#8220;off&#8220; button_border_color__hover_enabled=&#8220;off&#8220; button_one_border_color__hover_enabled=&#8220;off&#8220; button_two_border_color__hover_enabled=&#8220;off&#8220; button_border_radius__hover_enabled=&#8220;off&#8220; button_one_border_radius__hover_enabled=&#8220;off&#8220; button_two_border_radius__hover_enabled=&#8220;off&#8220; button_letter_spacing__hover_enabled=&#8220;off&#8220; button_one_letter_spacing__hover_enabled=&#8220;off&#8220; button_two_letter_spacing__hover_enabled=&#8220;off&#8220; button_bg_color__hover_enabled=&#8220;off&#8220; button_one_bg_color__hover_enabled=&#8220;off&#8220; button_two_bg_color__hover_enabled=&#8220;off&#8220; sticky_enabled=&#8220;0&#8243;][\/et_pb_contact_field][et_pb_contact_field field_id=&#8220;Message&#8220; field_title=&#8220;Nachricht&#8220; field_type=&#8220;text&#8220; fullwidth_field=&#8220;on&#8220; _builder_version=&#8220;4.27.4&#8243; global_colors_info=&#8220;{}&#8220; button_text_size__hover_enabled=&#8220;off&#8220; button_one_text_size__hover_enabled=&#8220;off&#8220; button_two_text_size__hover_enabled=&#8220;off&#8220; button_text_color__hover_enabled=&#8220;off&#8220; button_one_text_color__hover_enabled=&#8220;off&#8220; button_two_text_color__hover_enabled=&#8220;off&#8220; button_border_width__hover_enabled=&#8220;off&#8220; button_one_border_width__hover_enabled=&#8220;off&#8220; button_two_border_width__hover_enabled=&#8220;off&#8220; button_border_color__hover_enabled=&#8220;off&#8220; button_one_border_color__hover_enabled=&#8220;off&#8220; button_two_border_color__hover_enabled=&#8220;off&#8220; button_border_radius__hover_enabled=&#8220;off&#8220; button_one_border_radius__hover_enabled=&#8220;off&#8220; button_two_border_radius__hover_enabled=&#8220;off&#8220; button_letter_spacing__hover_enabled=&#8220;off&#8220; button_one_letter_spacing__hover_enabled=&#8220;off&#8220; button_two_letter_spacing__hover_enabled=&#8220;off&#8220; button_bg_color__hover_enabled=&#8220;off&#8220; button_one_bg_color__hover_enabled=&#8220;off&#8220; button_two_bg_color__hover_enabled=&#8220;off&#8220;][\/et_pb_contact_field][\/et_pb_contact_form][\/et_pb_column][\/et_pb_row][\/et_pb_section][et_pb_section fb_built=&#8220;1&#8243; admin_label=&#8220;Features&#8220; _builder_version=&#8220;4.27.4&#8243; _module_preset=&#8220;default&#8220; background_color=&#8220;#9b9b9b&#8220; background_enable_image=&#8220;off&#8220; collapsed=&#8220;on&#8220; global_colors_info=&#8220;{}&#8220;][et_pb_row column_structure=&#8220;1_5,1_5,1_5,1_5,1_5&#8243; _builder_version=&#8220;4.20.0&#8243; _module_preset=&#8220;default&#8220; global_colors_info=&#8220;{}&#8220;][et_pb_column type=&#8220;1_5&#8243; _builder_version=&#8220;4.20.0&#8243; _module_preset=&#8220;default&#8220; global_colors_info=&#8220;{}&#8220;][et_pb_button button_url=&#8220;@ET-DC@eyJkeW5hbWljIjp0cnVlLCJjb250ZW50IjoicG9zdF9saW5rX3VybF9wYWdlIiwic2V0dGluZ3MiOnsicG9zdF9pZCI6IjQzODQifX0=@&#8220; button_text=&#8220;Meditatives Coaching&#8220; button_alignment=&#8220;center&#8220; _builder_version=&#8220;4.27.4&#8243; _dynamic_attributes=&#8220;button_url&#8220; _module_preset=&#8220;default&#8220; custom_button=&#8220;on&#8220; button_text_color=&#8220;#000000&#8243; button_bg_color=&#8220;#f4f4ef&#8220; button_border_width=&#8220;3px&#8220; button_border_color=&#8220;#004360&#8243; button_font=&#8220;||||||||&#8220; global_colors_info=&#8220;{}&#8220;][\/et_pb_button][\/et_pb_column][et_pb_column type=&#8220;1_5&#8243; _builder_version=&#8220;4.20.0&#8243; _module_preset=&#8220;default&#8220; global_colors_info=&#8220;{}&#8220;][et_pb_button button_url=&#8220;@ET-DC@eyJkeW5hbWljIjp0cnVlLCJjb250ZW50IjoicG9zdF9saW5rX3VybF9wYWdlIiwic2V0dGluZ3MiOnsicG9zdF9pZCI6IjQzMDkifX0=@&#8220; button_text=&#8220;Empathie regenerieren&#8220; button_alignment=&#8220;center&#8220; _builder_version=&#8220;4.27.4&#8243; _dynamic_attributes=&#8220;button_url&#8220; _module_preset=&#8220;default&#8220; custom_button=&#8220;on&#8220; button_text_color=&#8220;#004360&#8243; button_bg_color=&#8220;#f4f4ef&#8220; button_border_width=&#8220;3px&#8220; button_border_color=&#8220;#004360&#8243; button_font=&#8220;||||||||&#8220; global_colors_info=&#8220;{}&#8220;][\/et_pb_button][\/et_pb_column][et_pb_column type=&#8220;1_5&#8243; _builder_version=&#8220;4.20.0&#8243; _module_preset=&#8220;default&#8220; global_colors_info=&#8220;{}&#8220;][et_pb_button button_url=&#8220;@ET-DC@eyJkeW5hbWljIjp0cnVlLCJjb250ZW50IjoicG9zdF9saW5rX3VybF9wYWdlIiwic2V0dGluZ3MiOnsicG9zdF9pZCI6IjM4MzIifX0=@&#8220; button_text=&#8220;\u00dcber mich&#8220; button_alignment=&#8220;center&#8220; _builder_version=&#8220;4.27.4&#8243; _dynamic_attributes=&#8220;button_url&#8220; _module_preset=&#8220;default&#8220; custom_button=&#8220;on&#8220; button_text_color=&#8220;#004360&#8243; button_bg_color=&#8220;#f4f4ef&#8220; button_border_width=&#8220;3px&#8220; button_border_color=&#8220;#004360&#8243; button_font=&#8220;||||||||&#8220; global_colors_info=&#8220;{}&#8220;][\/et_pb_button][\/et_pb_column][et_pb_column type=&#8220;1_5&#8243; _builder_version=&#8220;4.20.0&#8243; _module_preset=&#8220;default&#8220; global_colors_info=&#8220;{}&#8220;][et_pb_button button_url=&#8220;https:\/\/traumzeitmeditationen.de\/blog&#8220; button_text=&#8220;Blog&#8220; button_alignment=&#8220;center&#8220; _builder_version=&#8220;4.25.1&#8243; _module_preset=&#8220;default&#8220; custom_button=&#8220;on&#8220; button_text_color=&#8220;#004360&#8243; button_bg_color=&#8220;#f4f4ef&#8220; button_border_width=&#8220;3px&#8220; button_border_color=&#8220;#004360&#8243; button_font=&#8220;||||||||&#8220; global_colors_info=&#8220;{}&#8220;][\/et_pb_button][\/et_pb_column][et_pb_column type=&#8220;1_5&#8243; _builder_version=&#8220;4.20.0&#8243; _module_preset=&#8220;default&#8220; global_colors_info=&#8220;{}&#8220;][et_pb_button button_url=&#8220;@ET-DC@eyJkeW5hbWljIjp0cnVlLCJjb250ZW50IjoicG9zdF9saW5rX3VybF9wYWdlIiwic2V0dGluZ3MiOnsicG9zdF9pZCI6IjM5MzcifX0=@&#8220; button_text=&#8220;Mit mir arbeiten&#8220; button_alignment=&#8220;center&#8220; _builder_version=&#8220;4.27.4&#8243; _dynamic_attributes=&#8220;button_url&#8220; _module_preset=&#8220;default&#8220; custom_button=&#8220;on&#8220; button_text_color=&#8220;#004360&#8243; button_bg_color=&#8220;#f4f4ef&#8220; button_border_width=&#8220;3px&#8220; button_border_color=&#8220;#004360&#8243; button_font=&#8220;||||||||&#8220; global_colors_info=&#8220;{}&#8220;][\/et_pb_button][\/et_pb_column][\/et_pb_row][\/et_pb_section]<\/p>\n","protected":false},"excerpt":{"rendered":"<p>So nimmst Du Kontakt mit mir auf!Im Erstgespr\u00e4ch gewinnst Du Klarheit dar\u00fcber, wie Du Dich durch mein Coaching-Programm selbst entfalten kannst. Du gewinnst einen Einblick in Deinen eigenen emotionalen Standort und Orientierung f\u00fcr die Entwicklung, die Du Dir w\u00fcnschst. Das Erstgespr\u00e4ch ist kostenlos, unverbindlich und vertraulich.\u00a0 &nbsp;+49 (0) 177-3333661ingrid@traumzeitmeditationen.deIngrid Drafta \/ Sch\u00f6nbornring 18 \/ 63263 [&hellip;]<\/p>\n","protected":false},"author":1,"featured_media":0,"parent":0,"menu_order":6,"comment_status":"closed","ping_status":"closed","template":"","meta":{"_et_pb_use_builder":"on","_et_pb_old_content":"","_et_gb_content_width":"","footnotes":""},"class_list":["post-211","page","type-page","status-publish","hentry"],"yoast_head":"<!-- This site is optimized with the Yoast SEO plugin v27.5 - https:\/\/yoast.com\/product\/yoast-seo-wordpress\/ -->\n<title>Kontakt - Traumzeitmeditationen<\/title>\n<meta name=\"robots\" content=\"index, follow, max-snippet:-1, max-image-preview:large, max-video-preview:-1\" \/>\n<link rel=\"canonical\" href=\"https:\/\/traumzeitmeditationen.de\/en\/kontakt\/\" \/>\n<meta property=\"og:locale\" content=\"en_GB\" \/>\n<meta property=\"og:type\" content=\"article\" \/>\n<meta property=\"og:title\" content=\"Kontakt - Traumzeitmeditationen\" \/>\n<meta property=\"og:description\" content=\"So nimmst Du Kontakt mit mir auf!Im Erstgespr\u00e4ch gewinnst Du Klarheit dar\u00fcber, wie Du Dich durch mein Coaching-Programm selbst entfalten kannst. Du gewinnst einen Einblick in Deinen eigenen emotionalen Standort und Orientierung f\u00fcr die Entwicklung, die Du Dir w\u00fcnschst. Das Erstgespr\u00e4ch ist kostenlos, unverbindlich und vertraulich.\u00a0 &nbsp;+49 (0) 177-3333661ingrid@traumzeitmeditationen.deIngrid Drafta \/ Sch\u00f6nbornring 18 \/ 63263 [&hellip;]\" \/>\n<meta property=\"og:url\" content=\"https:\/\/traumzeitmeditationen.de\/en\/kontakt\/\" \/>\n<meta property=\"og:site_name\" content=\"Traumzeitmeditationen\" \/>\n<meta property=\"article:modified_time\" content=\"2025-06-26T15:28:34+00:00\" \/>\n<meta name=\"twitter:card\" content=\"summary_large_image\" \/>\n<script type=\"application\/ld+json\" class=\"yoast-schema-graph\">{\"@context\":\"https:\\\/\\\/schema.org\",\"@graph\":[{\"@type\":\"WebPage\",\"@id\":\"https:\\\/\\\/traumzeitmeditationen.de\\\/kontakt\\\/\",\"url\":\"https:\\\/\\\/traumzeitmeditationen.de\\\/kontakt\\\/\",\"name\":\"Kontakt - Traumzeitmeditationen\",\"isPartOf\":{\"@id\":\"https:\\\/\\\/traumzeitmeditationen.de\\\/#website\"},\"datePublished\":\"2022-03-21T17:47:19+00:00\",\"dateModified\":\"2025-06-26T15:28:34+00:00\",\"breadcrumb\":{\"@id\":\"https:\\\/\\\/traumzeitmeditationen.de\\\/kontakt\\\/#breadcrumb\"},\"inLanguage\":\"en-GB\",\"potentialAction\":[{\"@type\":\"ReadAction\",\"target\":[\"https:\\\/\\\/traumzeitmeditationen.de\\\/kontakt\\\/\"]}]},{\"@type\":\"BreadcrumbList\",\"@id\":\"https:\\\/\\\/traumzeitmeditationen.de\\\/kontakt\\\/#breadcrumb\",\"itemListElement\":[{\"@type\":\"ListItem\",\"position\":1,\"name\":\"Startseite\",\"item\":\"https:\\\/\\\/traumzeitmeditationen.de\\\/\"},{\"@type\":\"ListItem\",\"position\":2,\"name\":\"Kontakt\"}]},{\"@type\":\"WebSite\",\"@id\":\"https:\\\/\\\/traumzeitmeditationen.de\\\/#website\",\"url\":\"https:\\\/\\\/traumzeitmeditationen.de\\\/\",\"name\":\"Traumzeitmeditationen\",\"description\":\"Meditation &amp; Coaching\",\"publisher\":{\"@id\":\"https:\\\/\\\/traumzeitmeditationen.de\\\/#organization\"},\"potentialAction\":[{\"@type\":\"SearchAction\",\"target\":{\"@type\":\"EntryPoint\",\"urlTemplate\":\"https:\\\/\\\/traumzeitmeditationen.de\\\/?s={search_term_string}\"},\"query-input\":{\"@type\":\"PropertyValueSpecification\",\"valueRequired\":true,\"valueName\":\"search_term_string\"}}],\"inLanguage\":\"en-GB\"},{\"@type\":\"Organization\",\"@id\":\"https:\\\/\\\/traumzeitmeditationen.de\\\/#organization\",\"name\":\"JungianCoach\",\"url\":\"https:\\\/\\\/traumzeitmeditationen.de\\\/\",\"logo\":{\"@type\":\"ImageObject\",\"inLanguage\":\"en-GB\",\"@id\":\"https:\\\/\\\/traumzeitmeditationen.de\\\/#\\\/schema\\\/logo\\\/image\\\/\",\"url\":\"https:\\\/\\\/jungiancoach.de\\\/wp-content\\\/uploads\\\/2023\\\/06\\\/cropped-CreateDestinyBlau.png\",\"contentUrl\":\"https:\\\/\\\/jungiancoach.de\\\/wp-content\\\/uploads\\\/2023\\\/06\\\/cropped-CreateDestinyBlau.png\",\"width\":512,\"height\":512,\"caption\":\"JungianCoach\"},\"image\":{\"@id\":\"https:\\\/\\\/traumzeitmeditationen.de\\\/#\\\/schema\\\/logo\\\/image\\\/\"}}]}<\/script>\n<!-- \/ Yoast SEO plugin. -->","yoast_head_json":{"title":"Kontakt - Traumzeitmeditationen","robots":{"index":"index","follow":"follow","max-snippet":"max-snippet:-1","max-image-preview":"max-image-preview:large","max-video-preview":"max-video-preview:-1"},"canonical":"https:\/\/traumzeitmeditationen.de\/en\/kontakt\/","og_locale":"en_GB","og_type":"article","og_title":"Kontakt - Traumzeitmeditationen","og_description":"So nimmst Du Kontakt mit mir auf!Im Erstgespr\u00e4ch gewinnst Du Klarheit dar\u00fcber, wie Du Dich durch mein Coaching-Programm selbst entfalten kannst. Du gewinnst einen Einblick in Deinen eigenen emotionalen Standort und Orientierung f\u00fcr die Entwicklung, die Du Dir w\u00fcnschst. Das Erstgespr\u00e4ch ist kostenlos, unverbindlich und vertraulich.\u00a0 &nbsp;+49 (0) 177-3333661ingrid@traumzeitmeditationen.deIngrid Drafta \/ Sch\u00f6nbornring 18 \/ 63263 [&hellip;]","og_url":"https:\/\/traumzeitmeditationen.de\/en\/kontakt\/","og_site_name":"Traumzeitmeditationen","article_modified_time":"2025-06-26T15:28:34+00:00","twitter_card":"summary_large_image","schema":{"@context":"https:\/\/schema.org","@graph":[{"@type":"WebPage","@id":"https:\/\/traumzeitmeditationen.de\/kontakt\/","url":"https:\/\/traumzeitmeditationen.de\/kontakt\/","name":"Kontakt - Traumzeitmeditationen","isPartOf":{"@id":"https:\/\/traumzeitmeditationen.de\/#website"},"datePublished":"2022-03-21T17:47:19+00:00","dateModified":"2025-06-26T15:28:34+00:00","breadcrumb":{"@id":"https:\/\/traumzeitmeditationen.de\/kontakt\/#breadcrumb"},"inLanguage":"en-GB","potentialAction":[{"@type":"ReadAction","target":["https:\/\/traumzeitmeditationen.de\/kontakt\/"]}]},{"@type":"BreadcrumbList","@id":"https:\/\/traumzeitmeditationen.de\/kontakt\/#breadcrumb","itemListElement":[{"@type":"ListItem","position":1,"name":"Startseite","item":"https:\/\/traumzeitmeditationen.de\/"},{"@type":"ListItem","position":2,"name":"Kontakt"}]},{"@type":"WebSite","@id":"https:\/\/traumzeitmeditationen.de\/#website","url":"https:\/\/traumzeitmeditationen.de\/","name":"Dreamtimemeditations","description":"Meditation &amp; Coaching","publisher":{"@id":"https:\/\/traumzeitmeditationen.de\/#organization"},"potentialAction":[{"@type":"SearchAction","target":{"@type":"EntryPoint","urlTemplate":"https:\/\/traumzeitmeditationen.de\/?s={search_term_string}"},"query-input":{"@type":"PropertyValueSpecification","valueRequired":true,"valueName":"search_term_string"}}],"inLanguage":"en-GB"},{"@type":"Organization","@id":"https:\/\/traumzeitmeditationen.de\/#organization","name":"JungianCoach","url":"https:\/\/traumzeitmeditationen.de\/","logo":{"@type":"ImageObject","inLanguage":"en-GB","@id":"https:\/\/traumzeitmeditationen.de\/#\/schema\/logo\/image\/","url":"https:\/\/jungiancoach.de\/wp-content\/uploads\/2023\/06\/cropped-CreateDestinyBlau.png","contentUrl":"https:\/\/jungiancoach.de\/wp-content\/uploads\/2023\/06\/cropped-CreateDestinyBlau.png","width":512,"height":512,"caption":"JungianCoach"},"image":{"@id":"https:\/\/traumzeitmeditationen.de\/#\/schema\/logo\/image\/"}}]}},"_links":{"self":[{"href":"https:\/\/traumzeitmeditationen.de\/en\/wp-json\/wp\/v2\/pages\/211","targetHints":{"allow":["GET"]}}],"collection":[{"href":"https:\/\/traumzeitmeditationen.de\/en\/wp-json\/wp\/v2\/pages"}],"about":[{"href":"https:\/\/traumzeitmeditationen.de\/en\/wp-json\/wp\/v2\/types\/page"}],"author":[{"embeddable":true,"href":"https:\/\/traumzeitmeditationen.de\/en\/wp-json\/wp\/v2\/users\/1"}],"replies":[{"embeddable":true,"href":"https:\/\/traumzeitmeditationen.de\/en\/wp-json\/wp\/v2\/comments?post=211"}],"version-history":[{"count":10,"href":"https:\/\/traumzeitmeditationen.de\/en\/wp-json\/wp\/v2\/pages\/211\/revisions"}],"predecessor-version":[{"id":5152,"href":"https:\/\/traumzeitmeditationen.de\/en\/wp-json\/wp\/v2\/pages\/211\/revisions\/5152"}],"wp:attachment":[{"href":"https:\/\/traumzeitmeditationen.de\/en\/wp-json\/wp\/v2\/media?parent=211"}],"curies":[{"name":"wp","href":"https:\/\/api.w.org\/{rel}","templated":true}]}}